{"id":88236,"date":"2020-12-02T19:03:15","date_gmt":"2020-12-02T19:03:15","guid":{"rendered":"https:\/\/naizen.eus\/denda\/product\/transitosliburua\/"},"modified":"2020-12-10T18:00:42","modified_gmt":"2020-12-10T18:00:42","slug":"transitosliburua","status":"publish","type":"product","link":"https:\/\/denda.naizen.eus\/eu\/produktua\/transitosliburua\/","title":{"rendered":"&#8220;Tr\u00e1nsitos&#8221; Liburua"},"content":{"rendered":"","protected":false},"excerpt":{"rendered":"<p><strong>Aingeru Mayor. <span class=\"c-book-details__label\">Editorial Bellaterra. 336 p\u00e1ginas. Castellano.<\/span><\/strong><\/p>\n<p>Este libro recoge 25 historias reales narradas por madres y padres de ni\u00f1as. ni\u00f1os y j\u00f3venes, cuya identidad sexual no se corresponde con aquella que se les supuso al nacer. El autor nos ofrece un an\u00e1lisis de esos relatos y reflexiones que nos permitan construir un conocimiento estructurado de la transexualidad infantil y juvenil.<\/p>\n<div><span class=\"c-book-details__label\">ISBN<\/span>\u00a0<span class=\"c-book-details__value\">978-84-72909-96-0\u00a0 |\u00a0 <\/span><span class=\"c-book-details__label\">EAN<\/span>\u00a0<span class=\"c-book-details__value\">9788472909960<\/span><\/div>\n","protected":false},"featured_media":87790,"template":"","meta":[],"product_cat":[119],"product_tag":[],"_links":{"self":[{"href":"https:\/\/denda.naizen.eus\/eu\/wp-json\/wp\/v3\/product\/88236"}],"collection":[{"href":"https:\/\/denda.naizen.eus\/eu\/wp-json\/wp\/v3\/product"}],"about":[{"href":"https:\/\/denda.naizen.eus\/eu\/wp-json\/wp\/v2\/types\/product"}],"wp:featuredmedia":[{"embeddable":true,"href":"https:\/\/denda.naizen.eus\/eu\/wp-json\/wp\/v2\/media\/87790"}],"wp:attachment":[{"href":"https:\/\/denda.naizen.eus\/eu\/wp-json\/wp\/v2\/media?parent=88236"}],"wp:term":[{"taxonomy":"product_cat","embeddable":true,"href":"https:\/\/denda.naizen.eus\/eu\/wp-json\/wp\/v2\/product_cat?post=88236"},{"taxonomy":"product_tag","embeddable":true,"href":"https:\/\/denda.naizen.eus\/eu\/wp-json\/wp\/v2\/product_tag?post=88236"}],"curies":[{"name":"wp","href":"https:\/\/api.w.org\/{rel}","templated":true}]}}